{"id":133,"date":"2025-09-02T20:46:21","date_gmt":"2025-09-02T18:46:21","guid":{"rendered":"https:\/\/muetterpflege-karlsruhe.de\/?page_id=133"},"modified":"2025-09-08T01:29:07","modified_gmt":"2025-09-07T23:29:07","slug":"home","status":"publish","type":"page","link":"https:\/\/muetterpflege-karlsruhe.de\/","title":{"rendered":"M\u00fctterpflege"},"content":{"rendered":"\t\t<div data-elementor-type=\"wp-page\" data-elementor-id=\"133\" class=\"elementor elementor-133\">\n\t\t\t\t<div class=\"elementor-element elementor-element-7426c920 e-flex e-con-boxed e-con e-parent\" data-id=\"7426c920\" data-element_type=\"container\" data-settings=\"{&quot;background_background&quot;:&quot;classic&quot;}\">\n\t\t\t\t\t<div class=\"e-con-inner\">\n\t\t\t\t<div class=\"elementor-element elementor-element-4a0fd027 elementor-widget elementor-widget-heading\" data-id=\"4a0fd027\" data-element_type=\"widget\" data-widget_type=\"heading.default\">\n\t\t\t\t\t<h1 class=\"elementor-heading-title elementor-size-default\">Deine helfende Hand &amp; dein offenes Ohr im Wochenbett\n\n<\/h1>\t\t\t\t<\/div>\n\t\t\t\t<div class=\"elementor-element elementor-element-505bff5e elementor-widget elementor-widget-heading\" data-id=\"505bff5e\" data-element_type=\"widget\" data-widget_type=\"heading.default\">\n\t\t\t\t\t<h5 class=\"elementor-heading-title elementor-size-default\">M\u00fctterpflege in Karlsruhe und Umgebung<\/h5>\t\t\t\t<\/div>\n\t\t\t\t\t<\/div>\n\t\t\t\t<\/div>\n\t\t<div class=\"elementor-element elementor-element-3034535b e-con-full e-flex e-con e-parent\" data-id=\"3034535b\" data-element_type=\"container\">\n\t\t<div class=\"elementor-element elementor-element-6a263b30 e-con-full e-flex e-con e-child\" data-id=\"6a263b30\" data-element_type=\"container\">\n\t\t\t\t<div class=\"elementor-element elementor-element-39b4cc8f elementor-widget elementor-widget-heading\" data-id=\"39b4cc8f\" data-element_type=\"widget\" data-widget_type=\"heading.default\">\n\t\t\t\t\t<h2 class=\"elementor-heading-title elementor-size-default\">Was ist M\u00fctterpflege?<\/h2>\t\t\t\t<\/div>\n\t\t\t\t<div class=\"elementor-element elementor-element-6cca1cbf elementor-widget elementor-widget-text-editor\" data-id=\"6cca1cbf\" data-element_type=\"widget\" data-widget_type=\"text-editor.default\">\n\t\t\t\t\t\t\t\t\t<p>M\u00fctterpflege hei\u00dft, dass du in der Schwangerschaft, nach der Geburt und im ersten Lebensjahr mit deinem Baby liebevoll bei dir zu Hause unterst\u00fctzt wirst. Wir entlasten dich im Alltag und sorgen daf\u00fcr, dass du dich in dieser besonderen Lebensphase gesehen und unterst\u00fctzt f\u00fchlst.<\/p><p>So kannst du langsam in deiner neuen Rolle als Mama ankommen und Kraft tanken. Wir sind ausgebildete M\u00fctterpflegerinnen und stehen Frauen und ihren Familien kompetent und einf\u00fchlsam zur Seite.<\/p><p><strong>Gut zu wissen:<\/strong> Die Kosten k\u00f6nnen unter bestimmten Voraussetzungen von deiner Krankenkasse \u00fcbernommen werden. Wir erkl\u00e4ren dir deine M\u00f6glichkeiten und die Bedingungen.<\/p>\t\t\t\t\t\t\t\t<\/div>\n\t\t\t\t<div class=\"elementor-element elementor-element-2ef045f7 elementor-widget elementor-widget-heading\" data-id=\"2ef045f7\" data-element_type=\"widget\" data-widget_type=\"heading.default\">\n\t\t\t\t\t<h5 class=\"elementor-heading-title elementor-size-default\">Wir sind f\u00fcr dich da<\/h5>\t\t\t\t<\/div>\n\t\t\t\t<\/div>\n\t\t<div class=\"elementor-element elementor-element-5b47e6ab e-con-full e-flex e-con e-child\" data-id=\"5b47e6ab\" data-element_type=\"container\">\n\t\t\t\t<div class=\"elementor-element elementor-element-3f9683f3 elementor-widget elementor-widget-image\" data-id=\"3f9683f3\" data-element_type=\"widget\" data-widget_type=\"image.default\">\n\t\t\t\t\t\t\t\t\t\t\t\t\t\t\t<img fetchpriority=\"high\" decoding=\"async\" width=\"1024\" height=\"1536\" src=\"https:\/\/muetterpflege-karlsruhe.de\/wp-content\/uploads\/2025\/09\/mother-7302669_1920-1024x1536.jpg\" class=\"attachment-1536x1536 size-1536x1536 wp-image-59\" alt=\"Bild von charnee wiggett auf Pixabay\" srcset=\"https:\/\/muetterpflege-karlsruhe.de\/wp-content\/uploads\/2025\/09\/mother-7302669_1920-1024x1536.jpg 1024w, https:\/\/muetterpflege-karlsruhe.de\/wp-content\/uploads\/2025\/09\/mother-7302669_1920-200x300.jpg 200w, https:\/\/muetterpflege-karlsruhe.de\/wp-content\/uploads\/2025\/09\/mother-7302669_1920-683x1024.jpg 683w, https:\/\/muetterpflege-karlsruhe.de\/wp-content\/uploads\/2025\/09\/mother-7302669_1920-768x1152.jpg 768w, https:\/\/muetterpflege-karlsruhe.de\/wp-content\/uploads\/2025\/09\/mother-7302669_1920.jpg 1280w\" sizes=\"100vw\" \/>\t\t\t\t\t\t\t\t\t\t\t\t\t\t\t<\/div>\n\t\t\t\t<\/div>\n\t\t\t\t<\/div>\n\t\t<div class=\"elementor-element elementor-element-a0f57ec e-con-full e-flex e-con e-parent\" data-id=\"a0f57ec\" data-element_type=\"container\">\n\t\t\t\t<div class=\"elementor-element elementor-element-49b32ff7 elementor-widget elementor-widget-heading\" data-id=\"49b32ff7\" data-element_type=\"widget\" data-widget_type=\"heading.default\">\n\t\t\t\t\t<h2 class=\"elementor-heading-title elementor-size-default\">Individuelle Begleitung<\/h2>\t\t\t\t<\/div>\n\t\t\t\t<div class=\"elementor-element elementor-element-825c12f elementor-widget elementor-widget-heading\" data-id=\"825c12f\" data-element_type=\"widget\" data-widget_type=\"heading.default\">\n\t\t\t\t\t<h5 class=\"elementor-heading-title elementor-size-default\">Die Unterst\u00fctzung ist immer auf dich und deine Familie abgestimmt. <\/h5>\t\t\t\t<\/div>\n\t\t\t\t<div class=\"elementor-element elementor-element-53a6c907 gallery-spacing-custom elementor-widget elementor-widget-image-gallery\" data-id=\"53a6c907\" data-element_type=\"widget\" data-widget_type=\"image-gallery.default\">\n\t\t\t\t\t\t\t<div class=\"elementor-image-gallery\">\n\t\t\t<div id='gallery-1' class='gallery galleryid-133 gallery-columns-3 gallery-size-full'><figure class='gallery-item'>\n\t\t\t<div class='gallery-icon landscape'>\n\t\t\t\t<a data-elementor-open-lightbox=\"yes\" data-elementor-lightbox-slideshow=\"53a6c907\" data-elementor-lightbox-title=\"M\u00fctterpflege\" data-elementor-lightbox-description=\"Lizenzfreie Bilder von fezailc auf Pixabay\" data-e-action-hash=\"#elementor-action%3Aaction%3Dlightbox%26settings%3DeyJpZCI6NjIsInVybCI6Imh0dHBzOlwvXC9tdWV0dGVycGZsZWdlLWthcmxzcnVoZS5kZVwvd3AtY29udGVudFwvdXBsb2Fkc1wvMjAyNVwvMDlcL3ByZWduYW50LTU3NDk2NzZfMTI4MC5qcGciLCJzbGlkZXNob3ciOiI1M2E2YzkwNyJ9\" href='https:\/\/muetterpflege-karlsruhe.de\/wp-content\/uploads\/2025\/09\/pregnant-5749676_1280.jpg'><img decoding=\"async\" width=\"1280\" height=\"853\" src=\"https:\/\/muetterpflege-karlsruhe.de\/wp-content\/uploads\/2025\/09\/pregnant-5749676_1280.jpg\" class=\"attachment-full size-full\" alt=\"\" aria-describedby=\"gallery-1-62\" srcset=\"https:\/\/muetterpflege-karlsruhe.de\/wp-content\/uploads\/2025\/09\/pregnant-5749676_1280.jpg 1280w, https:\/\/muetterpflege-karlsruhe.de\/wp-content\/uploads\/2025\/09\/pregnant-5749676_1280-300x200.jpg 300w, https:\/\/muetterpflege-karlsruhe.de\/wp-content\/uploads\/2025\/09\/pregnant-5749676_1280-1024x682.jpg 1024w, https:\/\/muetterpflege-karlsruhe.de\/wp-content\/uploads\/2025\/09\/pregnant-5749676_1280-768x512.jpg 768w\" sizes=\"100vw\" \/><\/a>\n\t\t\t<\/div>\n\t\t\t\t<figcaption class='wp-caption-text gallery-caption' id='gallery-1-62'>\n\t\t\t\tSchwangerschaft\n\t\t\t\t<\/figcaption><\/figure><figure class='gallery-item'>\n\t\t\t<div class='gallery-icon landscape'>\n\t\t\t\t<a data-elementor-open-lightbox=\"yes\" data-elementor-lightbox-slideshow=\"53a6c907\" data-elementor-lightbox-title=\"M\u00fctterpflege\" data-elementor-lightbox-description=\"Lizenzfreies Bild: Bild von Pexels auf Pixabay\" data-e-action-hash=\"#elementor-action%3Aaction%3Dlightbox%26settings%3DeyJpZCI6NjAsInVybCI6Imh0dHBzOlwvXC9tdWV0dGVycGZsZWdlLWthcmxzcnVoZS5kZVwvd3AtY29udGVudFwvdXBsb2Fkc1wvMjAyNVwvMDlcL21vdGhlci0xODY2NjIxXzEyODAuanBnIiwic2xpZGVzaG93IjoiNTNhNmM5MDcifQ%3D%3D\" href='https:\/\/muetterpflege-karlsruhe.de\/wp-content\/uploads\/2025\/09\/mother-1866621_1280.jpg'><img decoding=\"async\" width=\"1280\" height=\"853\" src=\"https:\/\/muetterpflege-karlsruhe.de\/wp-content\/uploads\/2025\/09\/mother-1866621_1280.jpg\" class=\"attachment-full size-full\" alt=\"\" aria-describedby=\"gallery-1-60\" srcset=\"https:\/\/muetterpflege-karlsruhe.de\/wp-content\/uploads\/2025\/09\/mother-1866621_1280.jpg 1280w, https:\/\/muetterpflege-karlsruhe.de\/wp-content\/uploads\/2025\/09\/mother-1866621_1280-300x200.jpg 300w, https:\/\/muetterpflege-karlsruhe.de\/wp-content\/uploads\/2025\/09\/mother-1866621_1280-1024x682.jpg 1024w, https:\/\/muetterpflege-karlsruhe.de\/wp-content\/uploads\/2025\/09\/mother-1866621_1280-768x512.jpg 768w\" sizes=\"100vw\" \/><\/a>\n\t\t\t<\/div>\n\t\t\t\t<figcaption class='wp-caption-text gallery-caption' id='gallery-1-60'>\n\t\t\t\tWochenbett\n\t\t\t\t<\/figcaption><\/figure><figure class='gallery-item'>\n\t\t\t<div class='gallery-icon landscape'>\n\t\t\t\t<a data-elementor-open-lightbox=\"yes\" data-elementor-lightbox-slideshow=\"53a6c907\" data-elementor-lightbox-title=\"M\u00fctterpflege\" data-elementor-lightbox-description=\"Bild von Ratna Fitry auf Pixabay\" data-e-action-hash=\"#elementor-action%3Aaction%3Dlightbox%26settings%3DeyJpZCI6MTU5LCJ1cmwiOiJodHRwczpcL1wvbXVldHRlcnBmbGVnZS1rYXJsc3J1aGUuZGVcL3dwLWNvbnRlbnRcL3VwbG9hZHNcLzIwMjVcLzA5XC9jaGlsZC01MDMzMzgxXzEyODAuanBnIiwic2xpZGVzaG93IjoiNTNhNmM5MDcifQ%3D%3D\" href='https:\/\/muetterpflege-karlsruhe.de\/wp-content\/uploads\/2025\/09\/child-5033381_1280.jpg'><img loading=\"lazy\" decoding=\"async\" width=\"1280\" height=\"848\" src=\"https:\/\/muetterpflege-karlsruhe.de\/wp-content\/uploads\/2025\/09\/child-5033381_1280.jpg\" class=\"attachment-full size-full\" alt=\"\" aria-describedby=\"gallery-1-159\" srcset=\"https:\/\/muetterpflege-karlsruhe.de\/wp-content\/uploads\/2025\/09\/child-5033381_1280.jpg 1280w, https:\/\/muetterpflege-karlsruhe.de\/wp-content\/uploads\/2025\/09\/child-5033381_1280-300x199.jpg 300w, https:\/\/muetterpflege-karlsruhe.de\/wp-content\/uploads\/2025\/09\/child-5033381_1280-1024x678.jpg 1024w\" sizes=\"100vw\" \/><\/a>\n\t\t\t<\/div>\n\t\t\t\t<figcaption class='wp-caption-text gallery-caption' id='gallery-1-159'>\n\t\t\t\t1. Lebensjahr \n\t\t\t\t<\/figcaption><\/figure>\n\t\t<\/div>\n\t\t<\/div>\n\t\t\t\t\t\t<\/div>\n\t\t\t\t<div class=\"elementor-element elementor-element-21107c3 elementor-widget elementor-widget-text-editor\" data-id=\"21107c3\" data-element_type=\"widget\" data-widget_type=\"text-editor.default\">\n\t\t\t\t\t\t\t\t\t<p>Lorem ipsum dolor sit amet, consectetur adipiscing elit. Ut elit tellus, luctus nec ullamcorper mattis, pulvinar dapibus leo.<\/p>\t\t\t\t\t\t\t\t<\/div>\n\t\t\t\t<\/div>\n\t\t<div class=\"elementor-element elementor-element-534786e e-flex e-con-boxed e-con e-parent\" data-id=\"534786e\" data-element_type=\"container\">\n\t\t\t\t\t<div class=\"e-con-inner\">\n\t\t\t\t<div class=\"elementor-element elementor-element-c56c4fd elementor-widget-divider--view-line elementor-widget elementor-widget-divider\" data-id=\"c56c4fd\" data-element_type=\"widget\" data-widget_type=\"divider.default\">\n\t\t\t\t\t\t\t<div class=\"elementor-divider\">\n\t\t\t<span class=\"elementor-divider-separator\">\n\t\t\t\t\t\t<\/span>\n\t\t<\/div>\n\t\t\t\t\t\t<\/div>\n\t\t\t\t\t<\/div>\n\t\t\t\t<\/div>\n\t\t<div class=\"elementor-element elementor-element-b4c20da e-flex e-con-boxed e-con e-parent\" data-id=\"b4c20da\" data-element_type=\"container\">\n\t\t\t\t\t<div class=\"e-con-inner\">\n\t\t<div class=\"elementor-element elementor-element-8604d59 e-con-full e-flex e-con e-child\" data-id=\"8604d59\" data-element_type=\"container\">\n\t\t\t\t<div class=\"elementor-element elementor-element-ad891db elementor-widget elementor-widget-heading\" data-id=\"ad891db\" data-element_type=\"widget\" data-widget_type=\"heading.default\">\n\t\t\t\t\t<h2 class=\"elementor-heading-title elementor-size-default\">Das macht die M\u00fctterpflege aus:<\/h2>\t\t\t\t<\/div>\n\t\t\t\t<\/div>\n\t\t<div class=\"elementor-element elementor-element-f2111b8 e-con-full e-flex e-con e-child\" data-id=\"f2111b8\" data-element_type=\"container\">\n\t\t\t\t<div class=\"elementor-element elementor-element-207e2b43 elementor-widget__width-initial elementor-widget elementor-widget-testimonial\" data-id=\"207e2b43\" data-element_type=\"widget\" data-widget_type=\"testimonial.default\">\n\t\t\t\t\t\t\t<div class=\"elementor-testimonial-wrapper\">\n\t\t\t\t\t\t\t<div class=\"elementor-testimonial-content\">Deine Bed\u00fcrfnisse sind genauso wichtig wie die deines Babys. Wir helfen dir, kleine Momente f\u00fcr dich zu finden, Kraft zu tanken,  und Schritt f\u00fcr Schritt im neuen Familienalltag anzukommen. Zeit f\u00fcr dich und Momente der Selbstf\u00fcrsorge geben dir die Energie, die du f\u00fcr dich und dein Baby brauchst.<\/div>\n\t\t\t\n\t\t\t\t\t\t<div class=\"elementor-testimonial-meta elementor-has-image elementor-testimonial-image-position-aside\">\n\t\t\t\t<div class=\"elementor-testimonial-meta-inner\">\n\t\t\t\t\t\t\t\t\t\t\t<div class=\"elementor-testimonial-image\">\n\t\t\t\t\t\t\t<img loading=\"lazy\" decoding=\"async\" width=\"150\" height=\"150\" src=\"https:\/\/muetterpflege-karlsruhe.de\/wp-content\/uploads\/2025\/09\/herz-right-150x150-1.png\" class=\"attachment-full size-full wp-image-63\" alt=\"\" \/>\t\t\t\t\t\t<\/div>\n\t\t\t\t\t\n\t\t\t\t\t\t\t\t\t\t<div class=\"elementor-testimonial-details\">\n\t\t\t\t\t\t\t\t\t\t\t\t\t\t<div class=\"elementor-testimonial-name\">St\u00e4rkung &amp; Selbstf\u00fcrsorge\u200b<\/div>\n\t\t\t\t\t\t\t\t\t\t\t\t\t\t\t\t\t\t\t<\/div>\n\t\t\t\t\t\t\t\t\t<\/div>\n\t\t\t<\/div>\n\t\t\t\t\t<\/div>\n\t\t\t\t\t\t<\/div>\n\t\t\t\t<div class=\"elementor-element elementor-element-5a8649bb elementor-widget__width-initial elementor-widget elementor-widget-testimonial\" data-id=\"5a8649bb\" data-element_type=\"widget\" data-widget_type=\"testimonial.default\">\n\t\t\t\t\t\t\t<div class=\"elementor-testimonial-wrapper\">\n\t\t\t\t\t\t\t<div class=\"elementor-testimonial-content\">Nach der Geburt bleibt oft wenig Energie f\u00fcr Haushalt, Eink\u00e4ufe oder Kochen. Deine Aufmerksamkeit liegt auf der Versorgung deines Babys und deiner k\u00f6rperlichen Heilung. Wir M\u00fctterpflegerinnen \u00fcbernehmen Aufgaben, die dir den R\u00fccken freihalten \u2013 damit du dich in Ruhe auf dein Baby und dich selbst konzentrieren kannst.<\/div>\n\t\t\t\n\t\t\t\t\t\t<div class=\"elementor-testimonial-meta elementor-has-image elementor-testimonial-image-position-aside\">\n\t\t\t\t<div class=\"elementor-testimonial-meta-inner\">\n\t\t\t\t\t\t\t\t\t\t\t<div class=\"elementor-testimonial-image\">\n\t\t\t\t\t\t\t<img loading=\"lazy\" decoding=\"async\" width=\"150\" height=\"150\" src=\"https:\/\/muetterpflege-karlsruhe.de\/wp-content\/uploads\/2025\/09\/herz-right-150x150-1.png\" class=\"attachment-full size-full wp-image-63\" alt=\"\" \/>\t\t\t\t\t\t<\/div>\n\t\t\t\t\t\n\t\t\t\t\t\t\t\t\t\t<div class=\"elementor-testimonial-details\">\n\t\t\t\t\t\t\t\t\t\t\t\t\t\t<div class=\"elementor-testimonial-name\">Alltag &amp; Haushalt\u200b<\/div>\n\t\t\t\t\t\t\t\t\t\t\t\t\t\t\t\t\t\t\t<\/div>\n\t\t\t\t\t\t\t\t\t<\/div>\n\t\t\t<\/div>\n\t\t\t\t\t<\/div>\n\t\t\t\t\t\t<\/div>\n\t\t\t\t<div class=\"elementor-element elementor-element-2843eab7 elementor-widget elementor-widget-testimonial\" data-id=\"2843eab7\" data-element_type=\"widget\" data-widget_type=\"testimonial.default\">\n\t\t\t\t\t\t\t<div class=\"elementor-testimonial-wrapper\">\n\t\t\t\t\t\t\t<div class=\"elementor-testimonial-content\">Die erste Zeit mit einem Neugeborenen kann wundersch\u00f6n, aber auch herausfordernd sein. Wir h\u00f6ren zu, geben dir Halt und schaffen einen gesch\u00fctzten Raum f\u00fcr deine Gedanken und Gef\u00fchle. Mit Empathie und Verst\u00e4ndnis begleiten wir dich durch H\u00f6hen und Tiefen.<\/div>\n\t\t\t\n\t\t\t\t\t\t<div class=\"elementor-testimonial-meta elementor-has-image elementor-testimonial-image-position-aside\">\n\t\t\t\t<div class=\"elementor-testimonial-meta-inner\">\n\t\t\t\t\t\t\t\t\t\t\t<div class=\"elementor-testimonial-image\">\n\t\t\t\t\t\t\t<img loading=\"lazy\" decoding=\"async\" width=\"150\" height=\"150\" src=\"https:\/\/muetterpflege-karlsruhe.de\/wp-content\/uploads\/2025\/09\/herz-right-150x150-1.png\" class=\"attachment-full size-full wp-image-63\" alt=\"\" \/>\t\t\t\t\t\t<\/div>\n\t\t\t\t\t\n\t\t\t\t\t\t\t\t\t\t<div class=\"elementor-testimonial-details\">\n\t\t\t\t\t\t\t\t\t\t\t\t\t\t<div class=\"elementor-testimonial-name\">Emotionale Begleitung<\/div>\n\t\t\t\t\t\t\t\t\t\t\t\t\t\t\t\t\t\t\t<\/div>\n\t\t\t\t\t\t\t\t\t<\/div>\n\t\t\t<\/div>\n\t\t\t\t\t<\/div>\n\t\t\t\t\t\t<\/div>\n\t\t\t\t<\/div>\n\t\t\t\t\t<\/div>\n\t\t\t\t<\/div>\n\t\t<div class=\"elementor-element elementor-element-e740689 e-flex e-con-boxed e-con e-parent\" data-id=\"e740689\" data-element_type=\"container\">\n\t\t\t\t\t<div class=\"e-con-inner\">\n\t\t\t\t<div class=\"elementor-element elementor-element-dbdacb0 elementor-widget elementor-widget-image\" data-id=\"dbdacb0\" data-element_type=\"widget\" data-widget_type=\"image.default\">\n\t\t\t\t\t\t\t\t\t\t\t\t\t\t\t<img loading=\"lazy\" decoding=\"async\" width=\"1024\" height=\"682\" src=\"https:\/\/muetterpflege-karlsruhe.de\/wp-content\/uploads\/2025\/09\/baby-hand-4107327_1280-1024x682.jpg\" class=\"attachment-large size-large wp-image-293\" alt=\"\" srcset=\"https:\/\/muetterpflege-karlsruhe.de\/wp-content\/uploads\/2025\/09\/baby-hand-4107327_1280-1024x682.jpg 1024w, https:\/\/muetterpflege-karlsruhe.de\/wp-content\/uploads\/2025\/09\/baby-hand-4107327_1280-300x200.jpg 300w, https:\/\/muetterpflege-karlsruhe.de\/wp-content\/uploads\/2025\/09\/baby-hand-4107327_1280.jpg 1280w\" sizes=\"100vw\" \/>\t\t\t\t\t\t\t\t\t\t\t\t\t\t\t<\/div>\n\t\t\t\t<div class=\"elementor-element elementor-element-39985c7 elementor-widget elementor-widget-heading\" data-id=\"39985c7\" data-element_type=\"widget\" data-widget_type=\"heading.default\">\n\t\t\t\t\t<h2 class=\"elementor-heading-title elementor-size-default\">Kosten\u00fcbernahme<\/h2>\t\t\t\t<\/div>\n\t\t\t\t\t<\/div>\n\t\t\t\t<\/div>\n\t\t<div class=\"elementor-element elementor-element-d784cd4 e-flex e-con-boxed e-con e-parent\" data-id=\"d784cd4\" data-element_type=\"container\">\n\t\t\t\t\t<div class=\"e-con-inner\">\n\t\t<div class=\"elementor-element elementor-element-3a90f70 e-con-full e-flex e-con e-child\" data-id=\"3a90f70\" data-element_type=\"container\">\n\t\t\t\t<div class=\"elementor-element elementor-element-f554843 elementor-view-default elementor-widget elementor-widget-icon\" data-id=\"f554843\" data-element_type=\"widget\" data-widget_type=\"icon.default\">\n\t\t\t\t\t\t\t<div class=\"elementor-icon-wrapper\">\n\t\t\t<div class=\"elementor-icon\">\n\t\t\t<svg aria-hidden=\"true\" class=\"e-font-icon-svg e-fas-euro-sign\" viewBox=\"0 0 320 512\" xmlns=\"http:\/\/www.w3.org\/2000\/svg\"><path d=\"M310.706 413.765c-1.314-6.63-7.835-10.872-14.424-9.369-10.692 2.439-27.422 5.413-45.426 5.413-56.763 0-101.929-34.79-121.461-85.449h113.689a12 12 0 0 0 11.708-9.369l6.373-28.36c1.686-7.502-4.019-14.631-11.708-14.631H115.22c-1.21-14.328-1.414-28.287.137-42.245H261.95a12 12 0 0 0 11.723-9.434l6.512-29.755c1.638-7.484-4.061-14.566-11.723-14.566H130.184c20.633-44.991 62.69-75.03 117.619-75.03 14.486 0 28.564 2.25 37.851 4.145 6.216 1.268 12.347-2.498 14.002-8.623l11.991-44.368c1.822-6.741-2.465-13.616-9.326-14.917C290.217 34.912 270.71 32 249.635 32 152.451 32 74.03 92.252 45.075 176H12c-6.627 0-12 5.373-12 12v29.755c0 6.627 5.373 12 12 12h21.569c-1.009 13.607-1.181 29.287-.181 42.245H12c-6.627 0-12 5.373-12 12v28.36c0 6.627 5.373 12 12 12h30.114C67.139 414.692 145.264 480 249.635 480c26.301 0 48.562-4.544 61.101-7.788 6.167-1.595 10.027-7.708 8.788-13.957l-8.818-44.49z\"><\/path><\/svg>\t\t\t<\/div>\n\t\t<\/div>\n\t\t\t\t\t\t<\/div>\n\t\t\t\t<\/div>\n\t\t<div class=\"elementor-element elementor-element-d43f507 e-con-full e-flex e-con e-child\" data-id=\"d43f507\" data-element_type=\"container\">\n\t\t\t\t<div class=\"elementor-element elementor-element-293175f elementor-widget elementor-widget-text-editor\" data-id=\"293175f\" data-element_type=\"widget\" data-widget_type=\"text-editor.default\">\n\t\t\t\t\t\t\t\t\t<p>Die Kosten f\u00fcr M\u00fctterpflege k\u00f6nnen \u2013 ganz oder teilweise \u2013 von der Krankenkasse \u00fcbernommen werden. Ob und in welchem Umfang eine Kosten\u00fcbernahme m\u00f6glich ist, h\u00e4ngt von deiner pers\u00f6nlichen Situation ab. Hier schauen wir uns deine Situation in einem gemeinsamen Gespr\u00e4ch genauer an.<\/p><p><strong>Wer hat Anspruch?<\/strong><br \/>&#8211; Du bist w\u00e4hrend der Schwangerschaft gesundheitlich eingeschr\u00e4nkt <strong data-start=\"785\" data-end=\"793\">oder<\/strong> kannst nach der Geburt den Haushalt k\u00f6rperlich nicht alleine f\u00fchren <strong data-start=\"785\" data-end=\"793\">oder\u00a0<\/strong>es liegt eine starke Belastungssituation vor.<br \/>&#8211; Es lebt mindestens ein Kind (unter 12 Jahren) im Haushalt.<br \/>&#8211; \u00c4rztin\/Arzt oder Hebamme stellen eine entsprechende medizinische Verordnung aus.<\/p><p><strong>Kosten &amp; Abrechnung<\/strong><br \/>&#8211; Kostenfrei w\u00e4hrend Schwangerschaft und nach Entbindung.<br \/>&#8211; W\u00e4hrend dem ersten Lebensjahr f\u00e4llt eine Zuzahlung an deine Krankenkasse an, meist zwischen ca. 5\u201310\u202f\u20ac pro Tag.<\/p><p data-start=\"73\" data-end=\"365\"><strong data-start=\"276\" data-end=\"363\">Kontaktiere uns und lass uns herausfinden, wie wir dich am besten entlasten k\u00f6nnen!\u00a0<\/strong><span style=\"text-decoration: underline;\"><em><strong data-start=\"276\" data-end=\"363\">muetterpflege-karlsruhe@mail.de<\/strong><\/em><\/span><\/p>\t\t\t\t\t\t\t\t<\/div>\n\t\t\t\t<\/div>\n\t\t\t\t\t<\/div>\n\t\t\t\t<\/div>\n\t\t<div class=\"elementor-element elementor-element-0dbd792 e-flex e-con-boxed e-con e-parent\" data-id=\"0dbd792\" data-element_type=\"container\">\n\t\t\t\t\t<div class=\"e-con-inner\">\n\t\t\t\t<div class=\"elementor-element elementor-element-3e0ee1c elementor-widget elementor-widget-image\" data-id=\"3e0ee1c\" data-element_type=\"widget\" data-widget_type=\"image.default\">\n\t\t\t\t\t\t\t\t\t\t\t\t\t\t\t<img loading=\"lazy\" decoding=\"async\" width=\"1024\" height=\"661\" src=\"https:\/\/muetterpflege-karlsruhe.de\/wp-content\/uploads\/2025\/09\/small-child-8269275_1280-1024x661.jpg\" class=\"attachment-large size-large wp-image-193\" alt=\"\" srcset=\"https:\/\/muetterpflege-karlsruhe.de\/wp-content\/uploads\/2025\/09\/small-child-8269275_1280-1024x661.jpg 1024w, https:\/\/muetterpflege-karlsruhe.de\/wp-content\/uploads\/2025\/09\/small-child-8269275_1280-300x194.jpg 300w, https:\/\/muetterpflege-karlsruhe.de\/wp-content\/uploads\/2025\/09\/small-child-8269275_1280.jpg 1280w\" sizes=\"100vw\" \/>\t\t\t\t\t\t\t\t\t\t\t\t\t\t\t<\/div>\n\t\t\t\t\t<\/div>\n\t\t\t\t<\/div>\n\t\t<div class=\"elementor-element elementor-element-7b1f9a6 e-flex e-con-boxed e-con e-parent\" data-id=\"7b1f9a6\" data-element_type=\"container\">\n\t\t\t\t\t<div class=\"e-con-inner\">\n\t\t\t\t<div class=\"elementor-element elementor-element-ab30531 elementor-widget elementor-widget-text-editor\" data-id=\"ab30531\" data-element_type=\"widget\" data-widget_type=\"text-editor.default\">\n\t\t\t\t\t\t\t\t\t<p><strong><span style=\"text-decoration: underline;\">muetterpflege-karlsruhe@mail.de<\/span><\/strong><\/p>\t\t\t\t\t\t\t\t<\/div>\n\t\t\t\t\t<\/div>\n\t\t\t\t<\/div>\n\t\t\t\t<\/div>\n\t\t","protected":false},"excerpt":{"rendered":"<p>Deine helfende Hand &amp; dein offenes Ohr im Wochenbett M\u00fctterpflege in Karlsruhe und Umgebung Was ist M\u00fctterpflege? M\u00fctterpflege hei\u00dft, dass du in der Schwangerschaft, nach der Geburt und im ersten Lebensjahr mit deinem Baby liebevoll bei dir zu Hause unterst\u00fctzt wirst. Wir entlasten dich im Alltag und sorgen daf\u00fcr, dass du dich in dieser besonderen &hellip; <\/p>\n<p class=\"link-more\"><a href=\"https:\/\/muetterpflege-karlsruhe.de\/\" class=\"more-link\">Mehr <span class=\"screen-reader-text\">\u00fcber &#8222;M\u00fctterpflege&#8220; <\/span>Lesen<\/a><\/p>\n","protected":false},"author":1,"featured_media":0,"parent":0,"menu_order":0,"comment_status":"closed","ping_status":"closed","template":"elementor_header_footer","meta":{"footnotes":""},"class_list":["post-133","page","type-page","status-publish","hentry"],"_links":{"self":[{"href":"https:\/\/muetterpflege-karlsruhe.de\/index.php?rest_route=\/wp\/v2\/pages\/133","targetHints":{"allow":["GET"]}}],"collection":[{"href":"https:\/\/muetterpflege-karlsruhe.de\/index.php?rest_route=\/wp\/v2\/pages"}],"about":[{"href":"https:\/\/muetterpflege-karlsruhe.de\/index.php?rest_route=\/wp\/v2\/types\/page"}],"author":[{"embeddable":true,"href":"https:\/\/muetterpflege-karlsruhe.de\/index.php?rest_route=\/wp\/v2\/users\/1"}],"replies":[{"embeddable":true,"href":"https:\/\/muetterpflege-karlsruhe.de\/index.php?rest_route=%2Fwp%2Fv2%2Fcomments&post=133"}],"version-history":[{"count":10,"href":"https:\/\/muetterpflege-karlsruhe.de\/index.php?rest_route=\/wp\/v2\/pages\/133\/revisions"}],"predecessor-version":[{"id":300,"href":"https:\/\/muetterpflege-karlsruhe.de\/index.php?rest_route=\/wp\/v2\/pages\/133\/revisions\/300"}],"wp:attachment":[{"href":"https:\/\/muetterpflege-karlsruhe.de\/index.php?rest_route=%2Fwp%2Fv2%2Fmedia&parent=133"}],"curies":[{"name":"wp","href":"https:\/\/api.w.org\/{rel}","templated":true}]}}