{"id":35,"date":"2025-09-01T21:37:08","date_gmt":"2025-09-01T19:37:08","guid":{"rendered":"https:\/\/muetterpflege-karlsruhe.de\/?page_id=35"},"modified":"2025-12-05T21:53:47","modified_gmt":"2025-12-05T20:53:47","slug":"impresum","status":"publish","type":"page","link":"https:\/\/muetterpflege-karlsruhe.de\/?page_id=35","title":{"rendered":"Impressum"},"content":{"rendered":"\t\t<div data-elementor-type=\"wp-page\" data-elementor-id=\"35\" class=\"elementor elementor-35\">\n\t\t\t\t<div class=\"elementor-element elementor-element-65afcc3 e-flex e-con-boxed e-con e-parent\" data-id=\"65afcc3\" data-element_type=\"container\">\n\t\t\t\t\t<div class=\"e-con-inner\">\n\t\t\t\t<div class=\"elementor-element elementor-element-2046117 elementor-widget elementor-widget-text-editor\" data-id=\"2046117\" data-element_type=\"widget\" data-widget_type=\"text-editor.default\">\n\t\t\t\t\t\t\t\t\t<p>Katharina Wenz, M\u00fctterpflegerin<br \/>Tauberring 2a, 76344 Eggenstein-Leopoldshafen<\/p><h2>Kontakt<\/h2><p>Telefon: +49 1511 0693326\u202c<br \/>E-Mail: post@kathiwenz.de<\/p><h2>Angaben zur Berufs\u00adhaftpflicht\u00adversicherung<\/h2><p><strong>Name und Sitz des Versicherers:<\/strong><br \/>Dialog Versicherung AG<br \/>Adenauerring 7, 81737 M\u00fcnchen<\/p><p><strong>Geltungsraum der Versicherung:<\/strong><br \/>Deutschland<\/p><h2>Redaktionell verantwortlich<\/h2><p>Betreiberin der Webseite: Katharina Wenz<br \/>Weitere Redakteure und verantwortlich f\u00fcr Blog-Beitr\u00e4ge und Personenbeschreibungen:<br \/>Sabrina Haufe, Barbara Hofheinz, Anna Layer, Lena Wein, Silke Rechlin<\/p><p data-start=\"100\" data-end=\"374\"><strong data-start=\"100\" data-end=\"372\">Alle auf dieser Webseite verwendeten Bilder stammen entweder aus eigener Aufnahme (z.\u202fB. Fotos der M\u00fctterpflegerinnen) oder wurden von der Plattform Pixum als lizenzfreie Bilder bezogen. Eine Nutzung der Bilder ohne unsere ausdr\u00fcckliche Zustimmung ist nicht gestattet.<br \/><br \/>Trotz sorgf\u00e4ltiger inhaltlicher Kontrolle \u00fcbernehmen wir keine Haftung f\u00fcr die Inhalte externer Links. F\u00fcr den Inhalt der verlinkten Seiten sind ausschlie\u00dflich deren Betreiber verantwortlich.<br \/><\/strong><\/p><h2>Verbraucher\u00adstreit\u00adbeilegung\/Universal\u00adschlichtungs\u00adstelle<\/h2><p>Wir sind nicht bereit oder verpflichtet, an Streitbeilegungsverfahren vor einer Verbraucherschlichtungsstelle teilzunehmen.<\/p><h2>Zentrale Kontaktstelle nach dem Digital Services Act &#8211; DSA (Verordnung (EU) 2022\/265)<\/h2><p>Unsere zentrale Kontaktstelle f\u00fcr Nutzer und Beh\u00f6rden nach Art. 11, 12 DSA erreichen Sie wie folgt:<\/p><p>E-Mail: post@kathiwenz.de<\/p><p>Die f\u00fcr den Kontakt zur Verf\u00fcgung stehenden Sprachen sind: Deutsch, Englisch.<\/p><p>Quelle: <a href=\"https:\/\/www.e-recht24.de\">e-recht24.de<\/a><br \/><br \/><\/p><p data-start=\"168\" data-end=\"670\"><strong data-start=\"168\" data-end=\"192\">Datenschutzerkl\u00e4rung<\/strong><br data-start=\"192\" data-end=\"195\" \/>Der Schutz deiner pers\u00f6nlichen Daten ist uns wichtig. Auf unserer Webseite werden personenbezogene Daten nur im Rahmen der gesetzlichen Bestimmungen erhoben, verarbeitet und genutzt. Details dazu, welche Daten wir erheben, zu welchem Zweck, wie lange sie gespeichert werden und welche Rechte du hast, findest du in unserer vollst\u00e4ndigen <strong data-start=\"532\" data-end=\"573\">Datenschutzerkl\u00e4rung<\/strong>. Bitte lies sie sorgf\u00e4ltig durch, um zu verstehen, wie wir deine Daten sch\u00fctzen und verwenden.<\/p><p data-start=\"672\" data-end=\"1136\"><strong data-start=\"672\" data-end=\"718\">Social Media \/ Einbindung externer Inhalte<\/strong><br data-start=\"718\" data-end=\"721\" \/>Unsere Webseite kann Funktionen und Inhalte von Social-Media-Plattformen (z.\u202fB. Facebook, Instagram) oder anderen Drittanbietern enthalten. Diese Anbieter k\u00f6nnen Informationen \u00fcber dein Nutzungsverhalten sammeln, z.\u202fB. durch Cookies oder Pixel. Wir haben keinen Einfluss auf die Datenverarbeitung durch die Plattformen. Bitte informiere dich direkt bei den jeweiligen Anbietern \u00fcber deren Datenschutzbestimmungen.<\/p>\t\t\t\t\t\t\t\t<\/div>\n\t\t\t\t\t<\/div>\n\t\t\t\t<\/div>\n\t\t\t\t<\/div>\n\t\t","protected":false},"excerpt":{"rendered":"<p>Katharina Wenz, M\u00fctterpflegerinTauberring 2a, 76344 Eggenstein-Leopoldshafen Kontakt Telefon: +49 1511 0693326\u202cE-Mail: post@kathiwenz.de Angaben zur Berufs\u00adhaftpflicht\u00adversicherung Name und Sitz des Versicherers:Dialog Versicherung AGAdenauerring 7, 81737 M\u00fcnchen Geltungsraum der Versicherung:Deutschland Redaktionell verantwortlich Betreiberin der Webseite: Katharina WenzWeitere Redakteure und verantwortlich f\u00fcr Blog-Beitr\u00e4ge und Personenbeschreibungen:Sabrina Haufe, Barbara Hofheinz, Anna Layer, Lena Wein, Silke Rechlin Alle auf dieser Webseite &hellip; <\/p>\n<p class=\"link-more\"><a href=\"https:\/\/muetterpflege-karlsruhe.de\/?page_id=35\" class=\"more-link\">Mehr <span class=\"screen-reader-text\">\u00fcber &#8222;Impressum&#8220; <\/span>Lesen<\/a><\/p>\n","protected":false},"author":1,"featured_media":0,"parent":0,"menu_order":0,"comment_status":"closed","ping_status":"closed","template":"","meta":{"footnotes":""},"class_list":["post-35","page","type-page","status-publish","hentry"],"_links":{"self":[{"href":"https:\/\/muetterpflege-karlsruhe.de\/index.php?rest_route=\/wp\/v2\/pages\/35","targetHints":{"allow":["GET"]}}],"collection":[{"href":"https:\/\/muetterpflege-karlsruhe.de\/index.php?rest_route=\/wp\/v2\/pages"}],"about":[{"href":"https:\/\/muetterpflege-karlsruhe.de\/index.php?rest_route=\/wp\/v2\/types\/page"}],"author":[{"embeddable":true,"href":"https:\/\/muetterpflege-karlsruhe.de\/index.php?rest_route=\/wp\/v2\/users\/1"}],"replies":[{"embeddable":true,"href":"https:\/\/muetterpflege-karlsruhe.de\/index.php?rest_route=%2Fwp%2Fv2%2Fcomments&post=35"}],"version-history":[{"count":7,"href":"https:\/\/muetterpflege-karlsruhe.de\/index.php?rest_route=\/wp\/v2\/pages\/35\/revisions"}],"predecessor-version":[{"id":366,"href":"https:\/\/muetterpflege-karlsruhe.de\/index.php?rest_route=\/wp\/v2\/pages\/35\/revisions\/366"}],"wp:attachment":[{"href":"https:\/\/muetterpflege-karlsruhe.de\/index.php?rest_route=%2Fwp%2Fv2%2Fmedia&parent=35"}],"curies":[{"name":"wp","href":"https:\/\/api.w.org\/{rel}","templated":true}]}}